{"id":1548,"date":"2022-04-14T08:09:23","date_gmt":"2022-04-14T07:09:23","guid":{"rendered":"https:\/\/www.retanpiscines.fr\/?page_id=1548"},"modified":"2022-04-14T08:16:15","modified_gmt":"2022-04-14T07:16:15","slug":"contact","status":"publish","type":"page","link":"https:\/\/www.retanpiscines.fr\/?page_id=1548","title":{"rendered":"Contact"},"content":{"rendered":"<div id=\"pl-1548\"  class=\"panel-layout\" ><div id=\"pg-1548-0\"  class=\"panel-grid panel-has-style\" ><div class=\"siteorigin-panels-stretch panel-row-style panel-row-style-for-1548-0\" data-stretch-type=\"full-stretched\" ><div id=\"pgc-1548-0-0\"  class=\"panel-grid-cell\" ><div id=\"panel-1548-0-0-0\" class=\"so-panel widget widget_text panel-first-child panel-last-child\" data-index=\"0\" >\t\t\t<div class=\"textwidget\"><p><iframe src=\"https:\/\/www.google.com\/maps\/embed?pb=!1m14!1m8!1m3!1d10889.883144316167!2d4.276783!3d46.972087!3m2!1i1024!2i768!4f13.1!3m3!1m2!1s0x0%3A0x4540d7c4e3b52137!2sSociete%20Retan%20Jardins!5e0!3m2!1sfr!2sfr!4v1649919936557!5m2!1sfr!2sfr\" width=\"100%\" style=\"border:0;\" allowfullscreen=\"\" loading=\"lazy\" referrerpolicy=\"no-referrer-when-downgrade\"><\/iframe><\/p>\n<\/div>\n\t\t<\/div><\/div><\/div><\/div><div id=\"pg-1548-1\"  class=\"panel-grid panel-no-style\" ><div id=\"pgc-1548-1-0\"  class=\"panel-grid-cell\" ><div id=\"panel-1548-1-0-0\" class=\"so-panel widget widget_text panel-first-child\" data-index=\"1\" >\t\t\t<div class=\"textwidget\"><p><b>Adresse :<\/b><br \/>\nParc activit\u00e9s de Bellevue,<br \/>\n71400 AUTUN<\/p>\n<p><b>T\u00e9l\u00e9phone :<\/b><br \/>\n03.85.82.85.94<\/p>\n<p><b>Mail :<\/b><br \/>\nretanjardins@retanpiscines.fr<\/p>\n<p><b>Boutique en-ligne\u00a0:<\/b><br \/>\n<a title=\"Boutique en-ligne\" href=\"http:\/\/www.hydrosud-autun.fr\/\" target=\"_blank\" rel=\"noopener\">http:\/\/www.hydrosud-autun.fr\/<\/a><\/p>\n<p>Siret : 41175057300023 \u2013 APE : 524X \u2013 TVA INTRA : FR90411750573<\/p>\n<\/div>\n\t\t<\/div><div id=\"panel-1548-1-0-1\" class=\"so-panel widget widget_text\" data-index=\"2\" >\t\t\t<div class=\"textwidget\"><p><em>Conform\u00e9ment \u00e0 la loi du 6 janvier 1978 relative \u00e0 l\u2019informatique, aux fichiers et aux libert\u00e9s, vous disposez d\u2019un droit d\u2019acc\u00e8s, de modification, de rectification et de suppression des donn\u00e9es vous concernant. Le site https:\/\/www.retanpiscines.fr\/ est h\u00e9berg\u00e9 par SAS OVH, 2 rue Kellermann \u2013 59100 Roubaix \u2013 France.<\/em><\/p>\n<\/div>\n\t\t<\/div><div id=\"panel-1548-1-0-2\" class=\"so-panel widget widget_media_image panel-last-child\" data-index=\"3\" ><img loading=\"lazy\" decoding=\"async\" width=\"300\" height=\"104\" src=\"https:\/\/www.retanpiscines.fr\/wp-content\/uploads\/2015\/01\/local-retan-piscines2-300x104.jpg\" class=\"image wp-image-1278  attachment-medium size-medium\" alt=\"\" style=\"max-width: 100%; height: auto;\" srcset=\"https:\/\/www.retanpiscines.fr\/wp-content\/uploads\/2015\/01\/local-retan-piscines2-300x104.jpg 300w, https:\/\/www.retanpiscines.fr\/wp-content\/uploads\/2015\/01\/local-retan-piscines2.jpg 600w\" sizes=\"auto, (max-width: 300px) 100vw, 300px\" \/><\/div><\/div><div id=\"pgc-1548-1-1\"  class=\"panel-grid-cell\" ><div id=\"panel-1548-1-1-0\" class=\"widget_text so-panel widget widget_custom_html panel-first-child panel-last-child\" data-index=\"4\" ><div class=\"textwidget custom-html-widget\">\n<div class=\"wpcf7 no-js\" id=\"wpcf7-f4-o1\" lang=\"fr-FR\" dir=\"ltr\" data-wpcf7-id=\"4\">\n<div class=\"screen-reader-response\"><p role=\"status\" aria-live=\"polite\" aria-atomic=\"true\"><\/p> <ul><\/ul><\/div>\n<form action=\"\/index.php?rest_route=%2Fwp%2Fv2%2Fpages%2F1548#wpcf7-f4-o1\" method=\"post\" class=\"wpcf7-form init\" aria-label=\"Formulaire de contact\" novalidate=\"novalidate\" data-status=\"init\">\n<fieldset class=\"hidden-fields-container\"><input type=\"hidden\" name=\"_wpcf7\" value=\"4\" \/><input type=\"hidden\" name=\"_wpcf7_version\" value=\"6.1.5\" \/><input type=\"hidden\" name=\"_wpcf7_locale\" value=\"fr_FR\" \/><input type=\"hidden\" name=\"_wpcf7_unit_tag\" value=\"wpcf7-f4-o1\" \/><input type=\"hidden\" name=\"_wpcf7_container_post\" value=\"0\" \/><input type=\"hidden\" name=\"_wpcf7_posted_data_hash\" value=\"\" \/>\n<\/fieldset>\n<p>Votre nom (obligatoire)\n<\/p>\n<p><span class=\"wpcf7-form-control-wrap\" data-name=\"your-name\"><input size=\"40\" maxlength=\"400\" class=\"wpcf7-form-control wpcf7-text wpcf7-validates-as-required\" aria-required=\"true\" aria-invalid=\"false\" value=\"\" type=\"text\" name=\"your-name\" \/><\/span>\n<\/p>\n<p>Votre email (obligatoire)\n<\/p>\n<p><span class=\"wpcf7-form-control-wrap\" data-name=\"your-email\"><input size=\"40\" maxlength=\"400\" class=\"wpcf7-form-control wpcf7-email wpcf7-validates-as-required wpcf7-text wpcf7-validates-as-email\" aria-required=\"true\" aria-invalid=\"false\" value=\"\" type=\"email\" name=\"your-email\" \/><\/span>\n<\/p>\n<p>Sujet\n<\/p>\n<p><span class=\"wpcf7-form-control-wrap\" data-name=\"your-subject\"><input size=\"40\" maxlength=\"400\" class=\"wpcf7-form-control wpcf7-text\" aria-invalid=\"false\" value=\"\" type=\"text\" name=\"your-subject\" \/><\/span>\n<\/p>\n<p>Votre message\n<\/p>\n<p><span class=\"wpcf7-form-control-wrap\" data-name=\"your-message\"><textarea cols=\"40\" rows=\"10\" maxlength=\"2000\" class=\"wpcf7-form-control wpcf7-textarea\" aria-invalid=\"false\" name=\"your-message\"><\/textarea><\/span>\n<\/p>\n<p><input type=\"hidden\" name=\"_wpcf7_captcha_challenge_captcha-628\" value=\"1883741952\" \/><img loading=\"lazy\" decoding=\"async\" class=\"wpcf7-form-control wpcf7-captchac wpcf7-captcha-captcha-628\" width=\"72\" height=\"24\" alt=\"captcha\" src=\"https:\/\/www.retanpiscines.fr\/wp-content\/uploads\/wpcf7_captcha\/1883741952.png\" \/><span class=\"wpcf7-form-control-wrap\" data-name=\"captcha-628\"><input size=\"40\" class=\"wpcf7-form-control wpcf7-captchar\" autocomplete=\"off\" aria-invalid=\"false\" value=\"\" type=\"text\" name=\"captcha-628\" \/><\/span>\n<\/p>\n<p><input class=\"wpcf7-form-control wpcf7-submit has-spinner\" type=\"submit\" value=\"Envoyer\" \/>\n<\/p><p style=\"display: none !important;\" class=\"akismet-fields-container\" data-prefix=\"_wpcf7_ak_\"><label>&#916;<textarea name=\"_wpcf7_ak_hp_textarea\" cols=\"45\" rows=\"8\" maxlength=\"100\"><\/textarea><\/label><input type=\"hidden\" id=\"ak_js_1\" name=\"_wpcf7_ak_js\" value=\"67\"\/><script>document.getElementById( \"ak_js_1\" ).setAttribute( \"value\", ( new Date() ).getTime() );<\/script><\/p><input type=\"text\" name=\"BgWuU\" value=\"\" style=\"display: none !important;\" \/><div class=\"wpcf7-response-output\" aria-hidden=\"true\"><\/div>\n<\/form>\n<\/div>\n<\/div><\/div><\/div><\/div><\/div>","protected":false},"excerpt":{"rendered":"<p>Adresse : Parc activit\u00e9s de Bellevue, 71400 AUTUN T\u00e9l\u00e9phone : 03.85.82.85.94 Mail : retanjardins@retanpiscines.fr Boutique en-ligne\u00a0: http:\/\/www.hydrosud-autun.fr\/ Siret : 41175057300023 \u2013 APE : 524X \u2013 TVA INTRA : FR90411750573 Conform\u00e9ment \u00e0 la loi du 6 janvier 1978 relative \u00e0 l\u2019informatique, aux fichiers et aux libert\u00e9s, vous disposez d\u2019un droit d\u2019acc\u00e8s, de modification, de rectification et [&hellip;]<\/p>\n","protected":false},"author":2,"featured_media":0,"parent":0,"menu_order":0,"comment_status":"closed","ping_status":"closed","template":"","meta":{"footnotes":""},"class_list":["post-1548","page","type-page","status-publish","hentry"],"_links":{"self":[{"href":"https:\/\/www.retanpiscines.fr\/index.php?rest_route=\/wp\/v2\/pages\/1548","targetHints":{"allow":["GET"]}}],"collection":[{"href":"https:\/\/www.retanpiscines.fr\/index.php?rest_route=\/wp\/v2\/pages"}],"about":[{"href":"https:\/\/www.retanpiscines.fr\/index.php?rest_route=\/wp\/v2\/types\/page"}],"author":[{"embeddable":true,"href":"https:\/\/www.retanpiscines.fr\/index.php?rest_route=\/wp\/v2\/users\/2"}],"replies":[{"embeddable":true,"href":"https:\/\/www.retanpiscines.fr\/index.php?rest_route=%2Fwp%2Fv2%2Fcomments&post=1548"}],"version-history":[{"count":12,"href":"https:\/\/www.retanpiscines.fr\/index.php?rest_route=\/wp\/v2\/pages\/1548\/revisions"}],"predecessor-version":[{"id":1564,"href":"https:\/\/www.retanpiscines.fr\/index.php?rest_route=\/wp\/v2\/pages\/1548\/revisions\/1564"}],"wp:attachment":[{"href":"https:\/\/www.retanpiscines.fr\/index.php?rest_route=%2Fwp%2Fv2%2Fmedia&parent=1548"}],"curies":[{"name":"wp","href":"https:\/\/api.w.org\/{rel}","templated":true}]}}