{"id":952,"date":"2014-10-07T09:55:27","date_gmt":"2014-10-07T08:55:27","guid":{"rendered":"https:\/\/www.retanpiscines.fr\/?page_id=952"},"modified":"2014-10-07T15:06:16","modified_gmt":"2014-10-07T14:06:16","slug":"ce-qui-dit-la-loi","status":"publish","type":"page","link":"https:\/\/www.retanpiscines.fr\/?page_id=952","title":{"rendered":"Ce qui dit la loi"},"content":{"rendered":"<div id=\"fbuilder_wrapper\">\n<div id=\"fbuilder_content_wrapper\">\n<div id=\"fbuilder_content\">\n<div data-rowtype=\"0\" data-rowid=\"0\" class=\"fbuilder_row\">\n<div>\n<div data-colnumber=\"0\" class=\"fbuilder_column fbuilder_column-1-1\">\n<div class=\"fbuilder_module\" data-shortcode=\"accordion\" data-modid=\"0\">\n<div class=\"\" style=\"padding-bottom:24px !important;\">\n<style>\n\t\t#frb_accordion_1348893571 {border-bottom-color:#dadbdb;}\n\t\t#frb_accordion_1348893571 h3 {color:#232323; background:transparent; border-top-color:#dadbdb; border-left-color:#dadbdb;}\n\t\t#frb_accordion_1348893571 h3 .frb_accordion_trigger{color:#232323; background:transparent;}\n\t\t#frb_accordion_1348893571 h3.ui-state-active {color:#232323;}\n\t\t#frb_accordion_1348893571 h3.ui-state-active .frb_accordion_trigger{color:#232323;}\n\t\t#frb_accordion_1348893571 div {color:#808080; background:transparent;}\n\t\t#frb_accordion_1348893571 h3.ui-accordion-header-active{color:#25aae4; border-left-color:#25aae4;}\n\t\t#frb_accordion_1348893571 h3.ui-accordion-header-active .frb_accordion_trigger{}\n\t\t#frb_accordion_1348893571 div.ui-accordion-content-active{ border-left-color:#25aae4;}\n\t<\/style>\n<div id=\"frb_accordion_1348893571\" class=\"frb_accordion frb_accordion_clean-left\" data-fixedheight=\"false\">\n<h3 >FORMALITES<span class=\"frb_accordion_trigger\"><\/span><\/h3>\n<div style=\"\"><img decoding=\"async\" style=\"float:left; margin-right:10px;\" src=\"https:\/\/www.retanpiscines.fr\/wp-content\/uploads\/2014\/10\/banniere_formalite.jpg\" alt=\"\" \/>Suivant les situations, les obligations diff\u00e9rent.<\/p>\n<p><b>Aucune formalit\u00e9<\/b><br \/>\nLe Plan Local d&rsquo;Urbanisme (PLU) de la mairie vous renseignera sur les contraintes \u00e0 respecter (dimensions du bassin \u00e0 ne pas d\u00e9passer, styles et couleurs impos\u00e9s si le lieu d&rsquo;implantation de la piscine est class\u00e9, distances \u00e0 respecter, etc&#8230;). S&rsquo;il n&rsquo;y a pas de PLU, aucune contrainte ne peut vous \u00eatre oppos\u00e9e, \u00e0 condition que la piscine n&rsquo;exc\u00e8de pas 100 m2 et ne d\u00e9passe pas de plus de 60 cm le niveau du sol naturel.<\/p>\n<p><b>D\u00e9claration pr\u00e9alable<\/b><br \/>\nIl est prudent de d\u00e9poser une d\u00e9claration de travaux \u00e0 la mairie du lieu d&rsquo;implantation, et ce dans tous les cas. il suffit de remplir un formulaire disponible en mairie en joignant les pi\u00e8ces demand\u00e9es (plan de situation, plan de masse, photo des lieux). La d\u00e9claration doit \u00eatre d\u00e9pos\u00e9e en mairie contre d\u00e9charge ou envoy\u00e9e en recommand\u00e9 avec accus\u00e9 de r\u00e9ception. Le code de l&rsquo;urbanisme fixe \u00e0 un mois le d\u00e9lai au terme duquel, si aucune opposition n&rsquo;est notifi\u00e9e, les travaux peuvent commencer.<br \/>\nLa d\u00e9claration pr\u00e9alable concerne les piscines non couvertes inf\u00e9rieures \u00e0 100 m2 et ne d\u00e9passant pas de plus de 60 cm le niveau du sol naturel.<\/p>\n<p><b>Permis de construire<\/b><br \/>\nLa d\u00e9marche est sensiblement la m\u00eame que celle de la d\u00e9claration pr\u00e9alable, le formulaire \u00e0 remplir donne toutes les indications sur les pi\u00e8ces \u00e0 fournir. Le d\u00e9lai d&rsquo;instruction est port\u00e9 \u00e0 deux mois.<br \/>\nLe permis de construire s&rsquo;applique d&rsquo;une fa\u00e7on g\u00e9n\u00e9rale:<br \/>\n&#8211; aux piscines couvertes r\u00e9alis\u00e9es dans un b\u00e2timent existant<br \/>\n&#8211; aux piscines avec abri d&rsquo;une surface sup\u00e9rieure \u00e0 20 m2<br \/>\n&#8211; aux piscines sup\u00e9rieures \u00e0 100 m2<br \/>\n&#8211; aux piscines d\u00e9passant de plus de 60 cm du sol naturel<\/p>\n<p><b>En cas de doute sur votre projet, n&rsquo;h\u00e9sitez pas \u00e0 prendre contact avec la DDE ou la mairie. <\/b><\/p>\n<div style=\"clear:both;\"><\/div>\n<\/div>\n<h3 >SECURITE<span class=\"frb_accordion_trigger\"><\/span><\/h3>\n<div style=\"\"><b>Quelles sont les piscines concern\u00e9es ?<\/b><br \/>\nLa s\u00e9curit\u00e9 des piscines a fait l\u2019objet de la loi n\u00b02003-9 du 3 janvier 2003 ( journal officiel du 4 janvier 2003 ) et de nombreux d\u00e9crets n\u00b02003-1389 du 31 d\u00e9cembre 2003 ( JO du 31 d\u00e9cembre 2003 ) et n\u00b02004-499 du 7 juin 2004 ( JO du 8 juin 2004 ).<\/p>\n<p>De puis le 1er janvier 2004, les piscines priv\u00e9e nouvellement construites, \u00e0 usage individuel ou collectif, doivent \u00eatre pourvues d\u2019un dispositif de s\u00e9curit\u00e9.<\/p>\n<p>Depuis le 1er mai 2004, les piscines existantes des habitations donn\u00e9es en location saisonni\u00e8re sont \u00e9galement soumises \u00e0 cette obligation.<\/p>\n<p>Le 1er janvier 2006, toutes les autres piscines existantes devront \u00eatre \u00e9quip\u00e9es.<\/p>\n<div style=\"clear:both;\"><\/div>\n<\/div>\n<h3 >EXIGENCES DE SECURITE<span class=\"frb_accordion_trigger\"><\/span><\/h3>\n<div style=\"\">Les propri\u00e9taires de piscine doivent installer un des quatre dispositifs pr\u00e9vus par le d\u00e9cret n\u00b02004-499, ces dispositifs pr\u00e9vus devant r\u00e9pondre aux exigences de s\u00e9curit\u00e9 suivantes :\t<\/p>\n<p><b>Barri\u00e8res de protection<\/b><br \/>\nLes barri\u00e8res de protection doivent \u00eatre r\u00e9alis\u00e9es, construites ou install\u00e9es de mani\u00e8re \u00e0 emp\u00eacher le passage d&rsquo;enfants de moins de cinq ans sans l&rsquo;aide d&rsquo;un adulte, \u00e0 r\u00e9sister aux actions d&rsquo;un enfant de moins de cinq ans, notamment en ce qui concerne le syst\u00e8me de verrouillage de l&rsquo;acc\u00e8s, et \u00e0 ne pas provoquer de blessure.<\/p>\n<p><b>Couvertures<\/b><br \/>\nLes couvertures doivent \u00eatre r\u00e9alis\u00e9es, construites ou install\u00e9es de facon \u00e0 emp\u00eacher l&rsquo;immersion involontaire d&rsquo;enfants de moins de cinq ans. Elles doivent \u00e9galement r\u00e9sister au franchissement d&rsquo;une personne adulte et ne pas provoquer de blessure.<\/p>\n<p><b>Alarmes<\/b><br \/>\nLes barri\u00e8res de protection doivent \u00eatre r\u00e9alis\u00e9es, construites ou install\u00e9es de mani\u00e8re que toutes les commandes d&rsquo;activation et de d\u00e9sactivation ne doivent pas pouvoir \u00eatre utilis\u00e9e par de enfants de moins de cinq ans Les systemes de detection doivent disposer d&rsquo;une sir\u00e8ne et ne pas se d\u00e9clencher inutilement.<\/p>\n<p><b>Abris<\/b><br \/>\nLes abris doivent \u00eatre r\u00e9alis\u00e9es, construits ou install\u00e9s de mani\u00e8re \u00e0 ne pas provoquer de blessure et \u00eatre tels que le bassin de la piscine, lorsqu&rsquo;il est ferm\u00e9, est inaccessible aux enfants de moins de cinq ans.<\/p>\n<div style=\"clear:both;\"><\/div>\n<\/div>\n<h3 >ATTESTATION DE CONFORMITE<span class=\"frb_accordion_trigger\"><\/span><\/h3>\n<div style=\"\">Les propri\u00e9taires de piscines ayant install\u00e9 un dispositif de s\u00e9curit\u00e9 avant le 8 juin 2004 peuvent faire attester la conformit\u00e9 de leur installation aux exigences de s\u00e9curit\u00e9, par:<\/p>\n<p>&#8211; un fabricant,<br \/>\n&#8211; un vendeur ou un installateur de dispositifs de s\u00e9curit\u00e9, ou<br \/>\n&#8211; un contr\u00f4leur technique agr\u00e9e par l\u2019\u00e9tat ( la liste est consultable sur : www.construction.equipement.gouv.fr ou peut \u00eatre obtenue aupr\u00e8s des directions d\u00e9partementales de l&rsquo;\u00e9quipement).<br \/>\nLes propri\u00e9taires peuvent aussi, sous leur propre responsabilit\u00e9, attester eux-m\u00eame de cette conformit\u00e9 par un document accompagn\u00e9 des justificatifs techniques qui ont permis de faire la v\u00e9rification ( annexe au d\u00e9cret n\u00b02004-499 du 7 juin 2004)<\/p>\n<p><b>Garantie de conformit\u00e9<\/b><br \/>\nAssurez-vous de la conformit\u00e9 de votre installation par une attestation \u00e9crite.<\/p>\n<div style=\"clear:both;\"><\/div>\n<\/div>\n<\/div>\n<\/div>\n<\/div>\n<div class=\"fbuilder_module\" data-shortcode=\"button\" data-modid=\"1\">\n<div class=\"\" style=\"padding-bottom:24px !important;\"><a class=\"frb_button left\" target=\"_blank\"\" href=\"http:\/\/www2.equipement.gouv.fr\/formulaires\/formfiche.asp?IdFormulaire=170\" style=\"font-size:16px; line-height:16px; padding:10px 10px; color:#ffffff; background:#27a8e1; border-color:#27a8e1\" data-textcolor=\"#ffffff\" data-backcolor=\"#27a8e1\" data-hovertextcolor=\"#ffffff\" data-hoverbackcolor=\"#57bce8\"><span class=\"frb_button_icon\" style=\"padding-right:8px; float:left; font-size:16px;\"><i class=\"icon-beaker fawesome\"><\/i><\/span>D\u00e9claration de travaux<\/a><\/p>\n<div style=\"clear:both;\"><\/div>\n<\/div>\n<\/div>\n<\/div>\n<div style=\"clear:both;\"><\/div>\n<\/div>\n<\/div><\/div>\n<div style=\"clear:both\"><\/div>\n<\/p><\/div>\n<div style=\"clear:both\"><\/div>\n<\/p><\/div>\n","protected":false},"excerpt":{"rendered":"<p>FORMALITES Suivant les situations, les obligations diff\u00e9rent. Aucune formalit\u00e9 Le Plan Local d&rsquo;Urbanisme (PLU) de la mairie vous renseignera sur les contraintes \u00e0 respecter (dimensions du bassin \u00e0 ne pas d\u00e9passer, styles et couleurs impos\u00e9s si le lieu d&rsquo;implantation de la piscine est class\u00e9, distances \u00e0 respecter, etc&#8230;). S&rsquo;il n&rsquo;y a pas de PLU, aucune [&hellip;]<\/p>\n","protected":false},"author":2,"featured_media":0,"parent":0,"menu_order":0,"comment_status":"closed","ping_status":"closed","template":"","meta":{"footnotes":""},"class_list":["post-952","page","type-page","status-publish","hentry"],"_links":{"self":[{"href":"https:\/\/www.retanpiscines.fr\/index.php?rest_route=\/wp\/v2\/pages\/952","targetHints":{"allow":["GET"]}}],"collection":[{"href":"https:\/\/www.retanpiscines.fr\/index.php?rest_route=\/wp\/v2\/pages"}],"about":[{"href":"https:\/\/www.retanpiscines.fr\/index.php?rest_route=\/wp\/v2\/types\/page"}],"author":[{"embeddable":true,"href":"https:\/\/www.retanpiscines.fr\/index.php?rest_route=\/wp\/v2\/users\/2"}],"replies":[{"embeddable":true,"href":"https:\/\/www.retanpiscines.fr\/index.php?rest_route=%2Fwp%2Fv2%2Fcomments&post=952"}],"version-history":[{"count":17,"href":"https:\/\/www.retanpiscines.fr\/index.php?rest_route=\/wp\/v2\/pages\/952\/revisions"}],"predecessor-version":[{"id":1044,"href":"https:\/\/www.retanpiscines.fr\/index.php?rest_route=\/wp\/v2\/pages\/952\/revisions\/1044"}],"wp:attachment":[{"href":"https:\/\/www.retanpiscines.fr\/index.php?rest_route=%2Fwp%2Fv2%2Fmedia&parent=952"}],"curies":[{"name":"wp","href":"https:\/\/api.w.org\/{rel}","templated":true}]}}